{"id":136476,"date":"2023-12-05T13:26:52","date_gmt":"2023-12-05T13:26:52","guid":{"rendered":"https:\/\/test-rithum.pantheonsite.io\/?page_id=136476"},"modified":"2025-03-04T10:35:21","modified_gmt":"2025-03-04T15:35:21","slug":"leadership","status":"publish","type":"page","link":"http:\/\/old.rithum.com\/de\/about\/leadership\/","title":{"rendered":"F\u00fchrungsteam"},"content":{"rendered":"","protected":false},"excerpt":{"rendered":"","protected":false},"author":1,"featured_media":0,"parent":126157,"menu_order":0,"comment_status":"closed","ping_status":"closed","template":"template-part\/template-landing-page.php","meta":{"_acf_changed":false,"footnotes":""},"class_list":["post-136476","page","type-page","status-publish","hentry"],"acf":[],"yoast_head":"<!-- This site is optimized with the Yoast SEO Premium plugin v25.3.1 (Yoast SEO v27.5) - https:\/\/yoast.com\/product\/yoast-seo-premium-wordpress\/ -->\n<title>Das F\u00fchrungsteam bei Rithum\u2122<\/title>\n<meta name=\"description\" content=\"Vision\u00e4res Denken, Mut zur Innovation und viele Jahre Expertise: Lernen Sie unsere F\u00fchrungskr\u00e4fte aus den Bereichen Technologie, Finanzen, Marketing, Recht und mehr kennen.\" \/>\n<meta name=\"robots\" content=\"noindex, follow, max-snippet:-1, max-image-preview:large, max-video-preview:-1\" \/>\n<meta property=\"og:locale\" content=\"de_DE\" \/>\n<meta property=\"og:type\" content=\"article\" \/>\n<meta property=\"og:title\" content=\"F\u00fchrungsteam\" \/>\n<meta property=\"og:description\" content=\"Vision\u00e4res Denken, Mut zur Innovation und viele Jahre Expertise: Lernen Sie unsere F\u00fchrungskr\u00e4fte aus den Bereichen Technologie, Finanzen, Marketing, Recht und mehr kennen.\" \/>\n<meta property=\"og:url\" content=\"http:\/\/old.rithum.com\/de\/about\/leadership\/\" \/>\n<meta property=\"og:site_name\" content=\"Rithum\" \/>\n<meta property=\"article:publisher\" content=\"https:\/\/facebook.com\/rithumcommerce\" \/>\n<meta property=\"article:modified_time\" content=\"2025-03-04T15:35:21+00:00\" \/>\n<meta property=\"og:image\" content=\"https:\/\/old.rithum.com\/wp-content\/uploads\/2023\/12\/Rithum-thumnail-black.png\" \/>\n\t<meta property=\"og:image:width\" content=\"1200\" \/>\n\t<meta property=\"og:image:height\" content=\"675\" \/>\n\t<meta property=\"og:image:type\" content=\"image\/png\" \/>\n<meta name=\"twitter:card\" content=\"summary_large_image\" \/>\n<meta name=\"twitter:site\" content=\"@rithumcommerce\" \/>\n<meta name=\"twitter:label1\" content=\"Est. reading time\" \/>\n\t<meta name=\"twitter:data1\" content=\"6 minutes\" \/>\n<script type=\"application\/ld+json\" class=\"yoast-schema-graph\">{\"@context\":\"https:\\\/\\\/schema.org\",\"@graph\":[{\"@type\":\"WebPage\",\"@id\":\"http:\\\/\\\/old.rithum.com\\\/de\\\/about\\\/leadership\\\/\",\"url\":\"http:\\\/\\\/old.rithum.com\\\/de\\\/about\\\/leadership\\\/\",\"name\":\"Das F\u00fchrungsteam bei Rithum\u2122\",\"isPartOf\":{\"@id\":\"https:\\\/\\\/old.rithum.com\\\/de\\\/#website\"},\"datePublished\":\"2023-12-05T13:26:52+00:00\",\"dateModified\":\"2025-03-04T15:35:21+00:00\",\"description\":\"Vision\u00e4res Denken, Mut zur Innovation und viele Jahre Expertise: Lernen Sie unsere F\u00fchrungskr\u00e4fte aus den Bereichen Technologie, Finanzen, Marketing, Recht und mehr kennen.\",\"breadcrumb\":{\"@id\":\"http:\\\/\\\/old.rithum.com\\\/de\\\/about\\\/leadership\\\/#breadcrumb\"},\"inLanguage\":\"de-DE\",\"potentialAction\":[{\"@type\":\"ReadAction\",\"target\":[\"http:\\\/\\\/old.rithum.com\\\/de\\\/about\\\/leadership\\\/\"]}]},{\"@type\":\"BreadcrumbList\",\"@id\":\"http:\\\/\\\/old.rithum.com\\\/de\\\/about\\\/leadership\\\/#breadcrumb\",\"itemListElement\":[{\"@type\":\"ListItem\",\"position\":1,\"name\":\"Home\",\"item\":\"https:\\\/\\\/old.rithum.com\\\/de\\\/\"},{\"@type\":\"ListItem\",\"position\":2,\"name\":\"About\",\"item\":\"https:\\\/\\\/old.rithum.com\\\/de\\\/about\\\/\"},{\"@type\":\"ListItem\",\"position\":3,\"name\":\"F\u00fchrungsteam\"}]},{\"@type\":\"WebSite\",\"@id\":\"https:\\\/\\\/old.rithum.com\\\/de\\\/#website\",\"url\":\"https:\\\/\\\/old.rithum.com\\\/de\\\/\",\"name\":\"Rithum\",\"description\":\"The Heartbeat of Commerce\",\"publisher\":{\"@id\":\"https:\\\/\\\/old.rithum.com\\\/de\\\/#organization\"},\"potentialAction\":[{\"@type\":\"SearchAction\",\"target\":{\"@type\":\"EntryPoint\",\"urlTemplate\":\"https:\\\/\\\/old.rithum.com\\\/de\\\/?s={search_term_string}\"},\"query-input\":{\"@type\":\"PropertyValueSpecification\",\"valueRequired\":true,\"valueName\":\"search_term_string\"}}],\"inLanguage\":\"de-DE\"},{\"@type\":\"Organization\",\"@id\":\"https:\\\/\\\/old.rithum.com\\\/de\\\/#organization\",\"name\":\"Rithum\",\"url\":\"https:\\\/\\\/old.rithum.com\\\/de\\\/\",\"logo\":{\"@type\":\"ImageObject\",\"inLanguage\":\"de-DE\",\"@id\":\"https:\\\/\\\/old.rithum.com\\\/de\\\/#\\\/schema\\\/logo\\\/image\\\/\",\"url\":\"https:\\\/\\\/www.rithum.com\\\/wp-content\\\/uploads\\\/2023\\\/12\\\/Rithum-logo-1.png\",\"contentUrl\":\"https:\\\/\\\/www.rithum.com\\\/wp-content\\\/uploads\\\/2023\\\/12\\\/Rithum-logo-1.png\",\"width\":696,\"height\":696,\"caption\":\"Rithum\"},\"image\":{\"@id\":\"https:\\\/\\\/old.rithum.com\\\/de\\\/#\\\/schema\\\/logo\\\/image\\\/\"},\"sameAs\":[\"https:\\\/\\\/facebook.com\\\/rithumcommerce\",\"https:\\\/\\\/x.com\\\/rithumcommerce\",\"https:\\\/\\\/instagram.com\\\/rithumcommerce\",\"https:\\\/\\\/www.linkedin.com\\\/company\\\/rithumcommerce\",\"https:\\\/\\\/www.youtube.com\\\/channel\\\/rithumcommerce\",\"https:\\\/\\\/www.tiktok.com\\\/@rithumcommerce\"]}]}<\/script>\n<!-- \/ Yoast SEO Premium plugin. -->","yoast_head_json":{"title":"Das F\u00fchrungsteam bei Rithum\u2122","description":"Vision\u00e4res Denken, Mut zur Innovation und viele Jahre Expertise: Lernen Sie unsere F\u00fchrungskr\u00e4fte aus den Bereichen Technologie, Finanzen, Marketing, Recht und mehr kennen.","robots":{"index":"noindex","follow":"follow","max-snippet":"max-snippet:-1","max-image-preview":"max-image-preview:large","max-video-preview":"max-video-preview:-1"},"og_locale":"de_DE","og_type":"article","og_title":"F\u00fchrungsteam","og_description":"Vision\u00e4res Denken, Mut zur Innovation und viele Jahre Expertise: Lernen Sie unsere F\u00fchrungskr\u00e4fte aus den Bereichen Technologie, Finanzen, Marketing, Recht und mehr kennen.","og_url":"http:\/\/old.rithum.com\/de\/about\/leadership\/","og_site_name":"Rithum","article_publisher":"https:\/\/facebook.com\/rithumcommerce","article_modified_time":"2025-03-04T15:35:21+00:00","og_image":[{"width":1200,"height":675,"url":"https:\/\/old.rithum.com\/wp-content\/uploads\/2023\/12\/Rithum-thumnail-black.png","type":"image\/png"}],"twitter_card":"summary_large_image","twitter_site":"@rithumcommerce","twitter_misc":{"Est. reading time":"6 minutes"},"schema":{"@context":"https:\/\/schema.org","@graph":[{"@type":"WebPage","@id":"http:\/\/old.rithum.com\/de\/about\/leadership\/","url":"http:\/\/old.rithum.com\/de\/about\/leadership\/","name":"Das F\u00fchrungsteam bei Rithum\u2122","isPartOf":{"@id":"https:\/\/old.rithum.com\/de\/#website"},"datePublished":"2023-12-05T13:26:52+00:00","dateModified":"2025-03-04T15:35:21+00:00","description":"Vision\u00e4res Denken, Mut zur Innovation und viele Jahre Expertise: Lernen Sie unsere F\u00fchrungskr\u00e4fte aus den Bereichen Technologie, Finanzen, Marketing, Recht und mehr kennen.","breadcrumb":{"@id":"http:\/\/old.rithum.com\/de\/about\/leadership\/#breadcrumb"},"inLanguage":"de-DE","potentialAction":[{"@type":"ReadAction","target":["http:\/\/old.rithum.com\/de\/about\/leadership\/"]}]},{"@type":"BreadcrumbList","@id":"http:\/\/old.rithum.com\/de\/about\/leadership\/#breadcrumb","itemListElement":[{"@type":"ListItem","position":1,"name":"Home","item":"https:\/\/old.rithum.com\/de\/"},{"@type":"ListItem","position":2,"name":"About","item":"https:\/\/old.rithum.com\/de\/about\/"},{"@type":"ListItem","position":3,"name":"F\u00fchrungsteam"}]},{"@type":"WebSite","@id":"https:\/\/old.rithum.com\/de\/#website","url":"https:\/\/old.rithum.com\/de\/","name":"Rithum","description":"The Heartbeat of Commerce","publisher":{"@id":"https:\/\/old.rithum.com\/de\/#organization"},"potentialAction":[{"@type":"SearchAction","target":{"@type":"EntryPoint","urlTemplate":"https:\/\/old.rithum.com\/de\/?s={search_term_string}"},"query-input":{"@type":"PropertyValueSpecification","valueRequired":true,"valueName":"search_term_string"}}],"inLanguage":"de-DE"},{"@type":"Organization","@id":"https:\/\/old.rithum.com\/de\/#organization","name":"Rithum","url":"https:\/\/old.rithum.com\/de\/","logo":{"@type":"ImageObject","inLanguage":"de-DE","@id":"https:\/\/old.rithum.com\/de\/#\/schema\/logo\/image\/","url":"https:\/\/www.rithum.com\/wp-content\/uploads\/2023\/12\/Rithum-logo-1.png","contentUrl":"https:\/\/www.rithum.com\/wp-content\/uploads\/2023\/12\/Rithum-logo-1.png","width":696,"height":696,"caption":"Rithum"},"image":{"@id":"https:\/\/old.rithum.com\/de\/#\/schema\/logo\/image\/"},"sameAs":["https:\/\/facebook.com\/rithumcommerce","https:\/\/x.com\/rithumcommerce","https:\/\/instagram.com\/rithumcommerce","https:\/\/www.linkedin.com\/company\/rithumcommerce","https:\/\/www.youtube.com\/channel\/rithumcommerce","https:\/\/www.tiktok.com\/@rithumcommerce"]}]}},"_links":{"self":[{"href":"https:\/\/old.rithum.com\/de\/wp-json\/wp\/v2\/pages\/136476","targetHints":{"allow":["GET"]}}],"collection":[{"href":"https:\/\/old.rithum.com\/de\/wp-json\/wp\/v2\/pages"}],"about":[{"href":"https:\/\/old.rithum.com\/de\/wp-json\/wp\/v2\/types\/page"}],"author":[{"embeddable":true,"href":"https:\/\/old.rithum.com\/de\/wp-json\/wp\/v2\/users\/1"}],"replies":[{"embeddable":true,"href":"https:\/\/old.rithum.com\/de\/wp-json\/wp\/v2\/comments?post=136476"}],"version-history":[{"count":0,"href":"https:\/\/old.rithum.com\/de\/wp-json\/wp\/v2\/pages\/136476\/revisions"}],"up":[{"embeddable":true,"href":"https:\/\/old.rithum.com\/de\/wp-json\/wp\/v2\/pages\/126157"}],"wp:attachment":[{"href":"https:\/\/old.rithum.com\/de\/wp-json\/wp\/v2\/media?parent=136476"}],"curies":[{"name":"wp","href":"https:\/\/api.w.org\/{rel}","templated":true}]}}