{"id":137112,"date":"2023-11-05T17:30:52","date_gmt":"2023-11-05T17:30:52","guid":{"rendered":"https:\/\/test-rithum.pantheonsite.io\/first-party-channels\/"},"modified":"2024-11-08T01:08:44","modified_gmt":"2024-11-08T06:08:44","slug":"first-party-channels","status":"publish","type":"page","link":"http:\/\/old.rithum.com\/de\/brands-suppliers\/commerce-solutions\/first-party-channels\/","title":{"rendered":"First Party Kan\u00e4le"},"content":{"rendered":"","protected":false},"excerpt":{"rendered":"","protected":false},"author":1,"featured_media":0,"parent":136333,"menu_order":0,"comment_status":"closed","ping_status":"closed","template":"template-part\/template-solution-landing.php","meta":{"_acf_changed":false,"footnotes":""},"class_list":["post-137112","page","type-page","status-publish","hentry"],"acf":[],"yoast_head":"<!-- This site is optimized with the Yoast SEO Premium plugin v25.3.1 (Yoast SEO v27.5) - https:\/\/yoast.com\/product\/yoast-seo-premium-wordpress\/ -->\n<title>Praktische Dropshipping-Funktionen f\u00fcr Marken<\/title>\n<meta name=\"description\" content=\"B\u00fcndeln Sie Ihre Erstanbieter-Kan\u00e4le und Drittanbieter-Marktpl\u00e4tze in einer leistungsstarken E-Commerce-L\u00f6sung.\u202f\" \/>\n<meta name=\"robots\" content=\"noindex, follow, max-snippet:-1, max-image-preview:large, max-video-preview:-1\" \/>\n<meta property=\"og:locale\" content=\"de_DE\" \/>\n<meta property=\"og:type\" content=\"article\" \/>\n<meta property=\"og:title\" content=\"First Party Kan\u00e4le\" \/>\n<meta property=\"og:description\" content=\"B\u00fcndeln Sie Ihre Erstanbieter-Kan\u00e4le und Drittanbieter-Marktpl\u00e4tze in einer leistungsstarken E-Commerce-L\u00f6sung.\u202f\" \/>\n<meta property=\"og:url\" content=\"http:\/\/old.rithum.com\/de\/brands-suppliers\/commerce-solutions\/first-party-channels\/\" \/>\n<meta property=\"og:site_name\" content=\"Rithum\" \/>\n<meta property=\"article:publisher\" content=\"https:\/\/facebook.com\/rithumcommerce\" \/>\n<meta property=\"article:modified_time\" content=\"2024-11-08T06:08:44+00:00\" \/>\n<meta property=\"og:image\" content=\"https:\/\/old.rithum.com\/wp-content\/uploads\/2023\/12\/Rithum-thumnail-black.png\" \/>\n\t<meta property=\"og:image:width\" content=\"1200\" \/>\n\t<meta property=\"og:image:height\" content=\"675\" \/>\n\t<meta property=\"og:image:type\" content=\"image\/png\" \/>\n<meta name=\"twitter:card\" content=\"summary_large_image\" \/>\n<meta name=\"twitter:site\" content=\"@rithumcommerce\" \/>\n<meta name=\"twitter:label1\" content=\"Est. reading time\" \/>\n\t<meta name=\"twitter:data1\" content=\"2 minutes\" \/>\n<script type=\"application\/ld+json\" class=\"yoast-schema-graph\">{\"@context\":\"https:\\\/\\\/schema.org\",\"@graph\":[{\"@type\":\"WebPage\",\"@id\":\"http:\\\/\\\/old.rithum.com\\\/de\\\/brands-suppliers\\\/commerce-solutions\\\/first-party-channels\\\/\",\"url\":\"http:\\\/\\\/old.rithum.com\\\/de\\\/brands-suppliers\\\/commerce-solutions\\\/first-party-channels\\\/\",\"name\":\"Praktische Dropshipping-Funktionen f\u00fcr Marken\",\"isPartOf\":{\"@id\":\"https:\\\/\\\/old.rithum.com\\\/de\\\/#website\"},\"datePublished\":\"2023-11-05T17:30:52+00:00\",\"dateModified\":\"2024-11-08T06:08:44+00:00\",\"description\":\"B\u00fcndeln Sie Ihre Erstanbieter-Kan\u00e4le und Drittanbieter-Marktpl\u00e4tze in einer leistungsstarken E-Commerce-L\u00f6sung.\u202f\",\"breadcrumb\":{\"@id\":\"http:\\\/\\\/old.rithum.com\\\/de\\\/brands-suppliers\\\/commerce-solutions\\\/first-party-channels\\\/#breadcrumb\"},\"inLanguage\":\"de-DE\",\"potentialAction\":[{\"@type\":\"ReadAction\",\"target\":[\"http:\\\/\\\/old.rithum.com\\\/de\\\/brands-suppliers\\\/commerce-solutions\\\/first-party-channels\\\/\"]}]},{\"@type\":\"BreadcrumbList\",\"@id\":\"http:\\\/\\\/old.rithum.com\\\/de\\\/brands-suppliers\\\/commerce-solutions\\\/first-party-channels\\\/#breadcrumb\",\"itemListElement\":[{\"@type\":\"ListItem\",\"position\":1,\"name\":\"Home\",\"item\":\"https:\\\/\\\/old.rithum.com\\\/de\\\/\"},{\"@type\":\"ListItem\",\"position\":2,\"name\":\"Rithum f\u00fcr Marken und Lieferanten\",\"item\":\"http:\\\/\\\/old.rithum.com\\\/de\\\/brands-suppliers\\\/\"},{\"@type\":\"ListItem\",\"position\":3,\"name\":\"L\u00f6sungen f\u00fcr den Handel\",\"item\":\"http:\\\/\\\/old.rithum.com\\\/de\\\/brands-suppliers\\\/commerce-solutions\\\/\"},{\"@type\":\"ListItem\",\"position\":4,\"name\":\"First Party Kan\u00e4le\"}]},{\"@type\":\"WebSite\",\"@id\":\"https:\\\/\\\/old.rithum.com\\\/de\\\/#website\",\"url\":\"https:\\\/\\\/old.rithum.com\\\/de\\\/\",\"name\":\"Rithum\",\"description\":\"The Heartbeat of Commerce\",\"publisher\":{\"@id\":\"https:\\\/\\\/old.rithum.com\\\/de\\\/#organization\"},\"potentialAction\":[{\"@type\":\"SearchAction\",\"target\":{\"@type\":\"EntryPoint\",\"urlTemplate\":\"https:\\\/\\\/old.rithum.com\\\/de\\\/?s={search_term_string}\"},\"query-input\":{\"@type\":\"PropertyValueSpecification\",\"valueRequired\":true,\"valueName\":\"search_term_string\"}}],\"inLanguage\":\"de-DE\"},{\"@type\":\"Organization\",\"@id\":\"https:\\\/\\\/old.rithum.com\\\/de\\\/#organization\",\"name\":\"Rithum\",\"url\":\"https:\\\/\\\/old.rithum.com\\\/de\\\/\",\"logo\":{\"@type\":\"ImageObject\",\"inLanguage\":\"de-DE\",\"@id\":\"https:\\\/\\\/old.rithum.com\\\/de\\\/#\\\/schema\\\/logo\\\/image\\\/\",\"url\":\"https:\\\/\\\/www.rithum.com\\\/wp-content\\\/uploads\\\/2023\\\/12\\\/Rithum-logo-1.png\",\"contentUrl\":\"https:\\\/\\\/www.rithum.com\\\/wp-content\\\/uploads\\\/2023\\\/12\\\/Rithum-logo-1.png\",\"width\":696,\"height\":696,\"caption\":\"Rithum\"},\"image\":{\"@id\":\"https:\\\/\\\/old.rithum.com\\\/de\\\/#\\\/schema\\\/logo\\\/image\\\/\"},\"sameAs\":[\"https:\\\/\\\/facebook.com\\\/rithumcommerce\",\"https:\\\/\\\/x.com\\\/rithumcommerce\",\"https:\\\/\\\/instagram.com\\\/rithumcommerce\",\"https:\\\/\\\/www.linkedin.com\\\/company\\\/rithumcommerce\",\"https:\\\/\\\/www.youtube.com\\\/channel\\\/rithumcommerce\",\"https:\\\/\\\/www.tiktok.com\\\/@rithumcommerce\"]}]}<\/script>\n<!-- \/ Yoast SEO Premium plugin. -->","yoast_head_json":{"title":"Praktische Dropshipping-Funktionen f\u00fcr Marken","description":"B\u00fcndeln Sie Ihre Erstanbieter-Kan\u00e4le und Drittanbieter-Marktpl\u00e4tze in einer leistungsstarken E-Commerce-L\u00f6sung.\u202f","robots":{"index":"noindex","follow":"follow","max-snippet":"max-snippet:-1","max-image-preview":"max-image-preview:large","max-video-preview":"max-video-preview:-1"},"og_locale":"de_DE","og_type":"article","og_title":"First Party Kan\u00e4le","og_description":"B\u00fcndeln Sie Ihre Erstanbieter-Kan\u00e4le und Drittanbieter-Marktpl\u00e4tze in einer leistungsstarken E-Commerce-L\u00f6sung.\u202f","og_url":"http:\/\/old.rithum.com\/de\/brands-suppliers\/commerce-solutions\/first-party-channels\/","og_site_name":"Rithum","article_publisher":"https:\/\/facebook.com\/rithumcommerce","article_modified_time":"2024-11-08T06:08:44+00:00","og_image":[{"width":1200,"height":675,"url":"https:\/\/old.rithum.com\/wp-content\/uploads\/2023\/12\/Rithum-thumnail-black.png","type":"image\/png"}],"twitter_card":"summary_large_image","twitter_site":"@rithumcommerce","twitter_misc":{"Est. reading time":"2 minutes"},"schema":{"@context":"https:\/\/schema.org","@graph":[{"@type":"WebPage","@id":"http:\/\/old.rithum.com\/de\/brands-suppliers\/commerce-solutions\/first-party-channels\/","url":"http:\/\/old.rithum.com\/de\/brands-suppliers\/commerce-solutions\/first-party-channels\/","name":"Praktische Dropshipping-Funktionen f\u00fcr Marken","isPartOf":{"@id":"https:\/\/old.rithum.com\/de\/#website"},"datePublished":"2023-11-05T17:30:52+00:00","dateModified":"2024-11-08T06:08:44+00:00","description":"B\u00fcndeln Sie Ihre Erstanbieter-Kan\u00e4le und Drittanbieter-Marktpl\u00e4tze in einer leistungsstarken E-Commerce-L\u00f6sung.\u202f","breadcrumb":{"@id":"http:\/\/old.rithum.com\/de\/brands-suppliers\/commerce-solutions\/first-party-channels\/#breadcrumb"},"inLanguage":"de-DE","potentialAction":[{"@type":"ReadAction","target":["http:\/\/old.rithum.com\/de\/brands-suppliers\/commerce-solutions\/first-party-channels\/"]}]},{"@type":"BreadcrumbList","@id":"http:\/\/old.rithum.com\/de\/brands-suppliers\/commerce-solutions\/first-party-channels\/#breadcrumb","itemListElement":[{"@type":"ListItem","position":1,"name":"Home","item":"https:\/\/old.rithum.com\/de\/"},{"@type":"ListItem","position":2,"name":"Rithum f\u00fcr Marken und Lieferanten","item":"http:\/\/old.rithum.com\/de\/brands-suppliers\/"},{"@type":"ListItem","position":3,"name":"L\u00f6sungen f\u00fcr den Handel","item":"http:\/\/old.rithum.com\/de\/brands-suppliers\/commerce-solutions\/"},{"@type":"ListItem","position":4,"name":"First Party Kan\u00e4le"}]},{"@type":"WebSite","@id":"https:\/\/old.rithum.com\/de\/#website","url":"https:\/\/old.rithum.com\/de\/","name":"Rithum","description":"The Heartbeat of Commerce","publisher":{"@id":"https:\/\/old.rithum.com\/de\/#organization"},"potentialAction":[{"@type":"SearchAction","target":{"@type":"EntryPoint","urlTemplate":"https:\/\/old.rithum.com\/de\/?s={search_term_string}"},"query-input":{"@type":"PropertyValueSpecification","valueRequired":true,"valueName":"search_term_string"}}],"inLanguage":"de-DE"},{"@type":"Organization","@id":"https:\/\/old.rithum.com\/de\/#organization","name":"Rithum","url":"https:\/\/old.rithum.com\/de\/","logo":{"@type":"ImageObject","inLanguage":"de-DE","@id":"https:\/\/old.rithum.com\/de\/#\/schema\/logo\/image\/","url":"https:\/\/www.rithum.com\/wp-content\/uploads\/2023\/12\/Rithum-logo-1.png","contentUrl":"https:\/\/www.rithum.com\/wp-content\/uploads\/2023\/12\/Rithum-logo-1.png","width":696,"height":696,"caption":"Rithum"},"image":{"@id":"https:\/\/old.rithum.com\/de\/#\/schema\/logo\/image\/"},"sameAs":["https:\/\/facebook.com\/rithumcommerce","https:\/\/x.com\/rithumcommerce","https:\/\/instagram.com\/rithumcommerce","https:\/\/www.linkedin.com\/company\/rithumcommerce","https:\/\/www.youtube.com\/channel\/rithumcommerce","https:\/\/www.tiktok.com\/@rithumcommerce"]}]}},"_links":{"self":[{"href":"https:\/\/old.rithum.com\/de\/wp-json\/wp\/v2\/pages\/137112","targetHints":{"allow":["GET"]}}],"collection":[{"href":"https:\/\/old.rithum.com\/de\/wp-json\/wp\/v2\/pages"}],"about":[{"href":"https:\/\/old.rithum.com\/de\/wp-json\/wp\/v2\/types\/page"}],"author":[{"embeddable":true,"href":"https:\/\/old.rithum.com\/de\/wp-json\/wp\/v2\/users\/1"}],"replies":[{"embeddable":true,"href":"https:\/\/old.rithum.com\/de\/wp-json\/wp\/v2\/comments?post=137112"}],"version-history":[{"count":0,"href":"https:\/\/old.rithum.com\/de\/wp-json\/wp\/v2\/pages\/137112\/revisions"}],"up":[{"embeddable":true,"href":"https:\/\/old.rithum.com\/de\/wp-json\/wp\/v2\/pages\/136333"}],"wp:attachment":[{"href":"https:\/\/old.rithum.com\/de\/wp-json\/wp\/v2\/media?parent=137112"}],"curies":[{"name":"wp","href":"https:\/\/api.w.org\/{rel}","templated":true}]}}