{"id":146323,"date":"2025-03-27T12:47:00","date_gmt":"2025-03-27T16:47:00","guid":{"rendered":"https:\/\/www.rithum.com\/?page_id=146323"},"modified":"2025-03-27T12:47:00","modified_gmt":"2025-03-27T16:47:00","slug":"rithum-connected-commerce","status":"publish","type":"page","link":"https:\/\/old.rithum.com\/de\/","title":{"rendered":"Rithum Connected Commerce"},"content":{"rendered":"","protected":false},"excerpt":{"rendered":"","protected":false},"author":170,"featured_media":0,"parent":0,"menu_order":0,"comment_status":"closed","ping_status":"open","template":"template-part\/template-frontpage.php","meta":{"_acf_changed":false,"footnotes":""},"class_list":["post-146323","page","type-page","status-publish","hentry"],"acf":[],"yoast_head":"<!-- This site is optimized with the Yoast SEO Premium plugin v25.3.1 (Yoast SEO v27.5) - https:\/\/yoast.com\/product\/yoast-seo-premium-wordpress\/ -->\n<title>End-to-End E-Commerce L\u00f6sungen | Rithum<\/title>\n<meta name=\"description\" content=\"CommerceHub und ChannelAdvisor sind jetzt Rithum. Wir versorgen Top-Marken und Einzelh\u00e4ndler mit dauerhaften, profitablen E-Commerce-L\u00f6sungen.\" \/>\n<meta name=\"robots\" content=\"noindex, follow, max-snippet:-1, max-image-preview:large, max-video-preview:-1\" \/>\n<meta property=\"og:locale\" content=\"de_DE\" \/>\n<meta property=\"og:type\" content=\"article\" \/>\n<meta property=\"og:title\" content=\"End-to-End E-Commerce L\u00f6sungen | Rithum\" \/>\n<meta property=\"og:description\" content=\"CommerceHub und ChannelAdvisor sind jetzt Rithum. Wir versorgen Top-Marken und Einzelh\u00e4ndler mit dauerhaften, profitablen E-Commerce-L\u00f6sungen.\" \/>\n<meta property=\"og:url\" content=\"https:\/\/old.rithum.com\/de\/\" \/>\n<meta property=\"og:site_name\" content=\"Rithum\" \/>\n<meta property=\"article:publisher\" content=\"https:\/\/facebook.com\/rithumcommerce\" \/>\n<meta property=\"og:image\" content=\"https:\/\/old.rithum.com\/wp-content\/uploads\/2023\/12\/Rithum-thumnail-black.png\" \/>\n\t<meta property=\"og:image:width\" content=\"1200\" \/>\n\t<meta property=\"og:image:height\" content=\"675\" \/>\n\t<meta property=\"og:image:type\" content=\"image\/png\" \/>\n<meta name=\"twitter:card\" content=\"summary_large_image\" \/>\n<meta name=\"twitter:title\" content=\"End-to-End E-Commerce L\u00f6sungen | Rithum\" \/>\n<meta name=\"twitter:site\" content=\"@rithumcommerce\" \/>\n<meta name=\"twitter:label1\" content=\"Est. reading time\" \/>\n\t<meta name=\"twitter:data1\" content=\"7 minutes\" \/>\n<script type=\"application\/ld+json\" class=\"yoast-schema-graph\">{\"@context\":\"https:\\\/\\\/schema.org\",\"@graph\":[{\"@type\":\"WebPage\",\"@id\":\"https:\\\/\\\/old.rithum.com\\\/de\\\/\",\"url\":\"https:\\\/\\\/old.rithum.com\\\/de\\\/\",\"name\":\"End-to-End E-Commerce L\u00f6sungen | Rithum\",\"isPartOf\":{\"@id\":\"https:\\\/\\\/old.rithum.com\\\/de\\\/#website\"},\"datePublished\":\"2025-03-27T16:47:00+00:00\",\"description\":\"CommerceHub und ChannelAdvisor sind jetzt Rithum. Wir versorgen Top-Marken und Einzelh\u00e4ndler mit dauerhaften, profitablen E-Commerce-L\u00f6sungen.\",\"breadcrumb\":{\"@id\":\"https:\\\/\\\/old.rithum.com\\\/de\\\/#breadcrumb\"},\"inLanguage\":\"de-DE\",\"potentialAction\":[{\"@type\":\"ReadAction\",\"target\":[\"https:\\\/\\\/old.rithum.com\\\/de\\\/\"]}]},{\"@type\":\"BreadcrumbList\",\"@id\":\"https:\\\/\\\/old.rithum.com\\\/de\\\/#breadcrumb\",\"itemListElement\":[{\"@type\":\"ListItem\",\"position\":1,\"name\":\"Home\",\"item\":\"https:\\\/\\\/old.rithum.com\\\/de\\\/\"},{\"@type\":\"ListItem\",\"position\":2,\"name\":\"Rithum Connected Commerce\"}]},{\"@type\":\"WebSite\",\"@id\":\"https:\\\/\\\/old.rithum.com\\\/de\\\/#website\",\"url\":\"https:\\\/\\\/old.rithum.com\\\/de\\\/\",\"name\":\"Rithum\",\"description\":\"The Heartbeat of Commerce\",\"publisher\":{\"@id\":\"https:\\\/\\\/old.rithum.com\\\/de\\\/#organization\"},\"potentialAction\":[{\"@type\":\"SearchAction\",\"target\":{\"@type\":\"EntryPoint\",\"urlTemplate\":\"https:\\\/\\\/old.rithum.com\\\/de\\\/?s={search_term_string}\"},\"query-input\":{\"@type\":\"PropertyValueSpecification\",\"valueRequired\":true,\"valueName\":\"search_term_string\"}}],\"inLanguage\":\"de-DE\"},{\"@type\":\"Organization\",\"@id\":\"https:\\\/\\\/old.rithum.com\\\/de\\\/#organization\",\"name\":\"Rithum\",\"url\":\"https:\\\/\\\/old.rithum.com\\\/de\\\/\",\"logo\":{\"@type\":\"ImageObject\",\"inLanguage\":\"de-DE\",\"@id\":\"https:\\\/\\\/old.rithum.com\\\/de\\\/#\\\/schema\\\/logo\\\/image\\\/\",\"url\":\"https:\\\/\\\/www.rithum.com\\\/wp-content\\\/uploads\\\/2023\\\/12\\\/Rithum-logo-1.png\",\"contentUrl\":\"https:\\\/\\\/www.rithum.com\\\/wp-content\\\/uploads\\\/2023\\\/12\\\/Rithum-logo-1.png\",\"width\":696,\"height\":696,\"caption\":\"Rithum\"},\"image\":{\"@id\":\"https:\\\/\\\/old.rithum.com\\\/de\\\/#\\\/schema\\\/logo\\\/image\\\/\"},\"sameAs\":[\"https:\\\/\\\/facebook.com\\\/rithumcommerce\",\"https:\\\/\\\/x.com\\\/rithumcommerce\",\"https:\\\/\\\/instagram.com\\\/rithumcommerce\",\"https:\\\/\\\/www.linkedin.com\\\/company\\\/rithumcommerce\",\"https:\\\/\\\/www.youtube.com\\\/channel\\\/rithumcommerce\",\"https:\\\/\\\/www.tiktok.com\\\/@rithumcommerce\"]}]}<\/script>\n<!-- \/ Yoast SEO Premium plugin. -->","yoast_head_json":{"title":"End-to-End E-Commerce L\u00f6sungen | Rithum","description":"CommerceHub und ChannelAdvisor sind jetzt Rithum. Wir versorgen Top-Marken und Einzelh\u00e4ndler mit dauerhaften, profitablen E-Commerce-L\u00f6sungen.","robots":{"index":"noindex","follow":"follow","max-snippet":"max-snippet:-1","max-image-preview":"max-image-preview:large","max-video-preview":"max-video-preview:-1"},"og_locale":"de_DE","og_type":"article","og_title":"End-to-End E-Commerce L\u00f6sungen | Rithum","og_description":"CommerceHub und ChannelAdvisor sind jetzt Rithum. Wir versorgen Top-Marken und Einzelh\u00e4ndler mit dauerhaften, profitablen E-Commerce-L\u00f6sungen.","og_url":"https:\/\/old.rithum.com\/de\/","og_site_name":"Rithum","article_publisher":"https:\/\/facebook.com\/rithumcommerce","og_image":[{"width":1200,"height":675,"url":"https:\/\/old.rithum.com\/wp-content\/uploads\/2023\/12\/Rithum-thumnail-black.png","type":"image\/png"}],"twitter_card":"summary_large_image","twitter_title":"End-to-End E-Commerce L\u00f6sungen | Rithum","twitter_site":"@rithumcommerce","twitter_misc":{"Est. reading time":"7 minutes"},"schema":{"@context":"https:\/\/schema.org","@graph":[{"@type":"WebPage","@id":"https:\/\/old.rithum.com\/de\/","url":"https:\/\/old.rithum.com\/de\/","name":"End-to-End E-Commerce L\u00f6sungen | Rithum","isPartOf":{"@id":"https:\/\/old.rithum.com\/de\/#website"},"datePublished":"2025-03-27T16:47:00+00:00","description":"CommerceHub und ChannelAdvisor sind jetzt Rithum. Wir versorgen Top-Marken und Einzelh\u00e4ndler mit dauerhaften, profitablen E-Commerce-L\u00f6sungen.","breadcrumb":{"@id":"https:\/\/old.rithum.com\/de\/#breadcrumb"},"inLanguage":"de-DE","potentialAction":[{"@type":"ReadAction","target":["https:\/\/old.rithum.com\/de\/"]}]},{"@type":"BreadcrumbList","@id":"https:\/\/old.rithum.com\/de\/#breadcrumb","itemListElement":[{"@type":"ListItem","position":1,"name":"Home","item":"https:\/\/old.rithum.com\/de\/"},{"@type":"ListItem","position":2,"name":"Rithum Connected Commerce"}]},{"@type":"WebSite","@id":"https:\/\/old.rithum.com\/de\/#website","url":"https:\/\/old.rithum.com\/de\/","name":"Rithum","description":"The Heartbeat of Commerce","publisher":{"@id":"https:\/\/old.rithum.com\/de\/#organization"},"potentialAction":[{"@type":"SearchAction","target":{"@type":"EntryPoint","urlTemplate":"https:\/\/old.rithum.com\/de\/?s={search_term_string}"},"query-input":{"@type":"PropertyValueSpecification","valueRequired":true,"valueName":"search_term_string"}}],"inLanguage":"de-DE"},{"@type":"Organization","@id":"https:\/\/old.rithum.com\/de\/#organization","name":"Rithum","url":"https:\/\/old.rithum.com\/de\/","logo":{"@type":"ImageObject","inLanguage":"de-DE","@id":"https:\/\/old.rithum.com\/de\/#\/schema\/logo\/image\/","url":"https:\/\/www.rithum.com\/wp-content\/uploads\/2023\/12\/Rithum-logo-1.png","contentUrl":"https:\/\/www.rithum.com\/wp-content\/uploads\/2023\/12\/Rithum-logo-1.png","width":696,"height":696,"caption":"Rithum"},"image":{"@id":"https:\/\/old.rithum.com\/de\/#\/schema\/logo\/image\/"},"sameAs":["https:\/\/facebook.com\/rithumcommerce","https:\/\/x.com\/rithumcommerce","https:\/\/instagram.com\/rithumcommerce","https:\/\/www.linkedin.com\/company\/rithumcommerce","https:\/\/www.youtube.com\/channel\/rithumcommerce","https:\/\/www.tiktok.com\/@rithumcommerce"]}]}},"_links":{"self":[{"href":"https:\/\/old.rithum.com\/de\/wp-json\/wp\/v2\/pages\/146323","targetHints":{"allow":["GET"]}}],"collection":[{"href":"https:\/\/old.rithum.com\/de\/wp-json\/wp\/v2\/pages"}],"about":[{"href":"https:\/\/old.rithum.com\/de\/wp-json\/wp\/v2\/types\/page"}],"author":[{"embeddable":true,"href":"https:\/\/old.rithum.com\/de\/wp-json\/wp\/v2\/users\/170"}],"replies":[{"embeddable":true,"href":"https:\/\/old.rithum.com\/de\/wp-json\/wp\/v2\/comments?post=146323"}],"version-history":[{"count":0,"href":"https:\/\/old.rithum.com\/de\/wp-json\/wp\/v2\/pages\/146323\/revisions"}],"wp:attachment":[{"href":"https:\/\/old.rithum.com\/de\/wp-json\/wp\/v2\/media?parent=146323"}],"curies":[{"name":"wp","href":"https:\/\/api.w.org\/{rel}","templated":true}]}}